{"id":2,"date":"2021-12-01T23:15:04","date_gmt":"2021-12-01T23:15:04","guid":{"rendered":"http:\/\/yuzu-dreams-scharrer.de\/?page_id=2"},"modified":"2024-09-29T19:17:25","modified_gmt":"2024-09-29T19:17:25","slug":"sample-page","status":"publish","type":"page","link":"https:\/\/yuzu-dreams-scharrer.de\/","title":{"rendered":"Willkommen bei YUZU DREAMS SCHARRER UG"},"content":{"rendered":"\n<p><\/p>\n\n\n\n<p><strong>Direktverkauf \u00fcber 2 Shop-Plattformen<\/strong><\/p>\n\n\n\n<p>Sie k\u00f6nnen unsere Produkte auf folgende Shops aufrufen:<br>Auf unserem in dieser Website integrierten Shop <br>\u00dcber das Etsy Shop-Portal unter Benutzer Zitrusoase  <a href=\"https:\/\/www.etsy.com\/de\/shop\/Zitrusoase?ref=seller-platform-mcnav\">Zitrusoase &#8211; Etsy.de<\/a><\/p>\n\n\n\n<p><\/p>\n\n\n\n<p><strong>Mosterei f\u00fcr Zitruss\u00e4fte<\/strong><\/p>\n\n\n\n<p>Seit 2024 k\u00f6nnen wir auch gewerblich aus Zitrusfr\u00fcchten S\u00e4fte herstellen.<br>Die Fr\u00fcchte dazu stammen aus unseren eigenen Plantagen nahe Nules in Spanien.<br>Diese sind nicht gespritzt und wurden nicht mit chemischen Mitteln behandelt.<br>Das Herstellungsverfahren erfolgt durch eine Saftgewinnungsanlage der Marke Zumex und \u00fcber eine Pasteurisierungsanlage mit Abf\u00fcllvorrichtung. <br>Die S\u00e4fte werden in 250ml Flaschen abgef\u00fcllt. <br>Wir haben derzeit 100% Direkts\u00e4fte wie Clementine und Clementinen Mixgetr\u00e4nke mit Yuzu und Grapefruit im Angebot.<br>Sie k\u00f6nnen diese in unserem Shop erwerben. <\/p>\n\n\n\n<p><strong>Direktverkauf von Plantagenb\u00e4umen an unseren Verkaufsstellen in Pirk und Letzau<\/strong><\/p>\n\n\n\n<p>Wir haben ein exquisites Sortiment an Plantagenb\u00e4umen wie Orange, Yuzu, Mandarine, Zitrone, Grapefruit, Limequat&#8230;<br>Dies kommen alle aus Spanien bzw. Italien und werden bei mir erst mal eine l\u00e4ngere Zeit weiterkultiviert und an unsere schwankenden Temperaturen gew\u00f6hnt, bevor sie in den Verkauf kommen. Diese liebevolle Behandlung erfordert sehr viel Zeit und hat nat\u00fcrlich auch seinen Preis.<br>Sie k\u00f6nnen diese B\u00e4ume nach vorheriger Terminabstimmung gerne an unseren Standorten ab Mitte Mai besichtigen.<br>Mehr dazu finden Sie in der Rubrik Mediterrane Pflanzen.<\/p>\n\n\n\n<p><strong>Vertrieb YUZU Jungpflanzen und veredelte B\u00e4umchen:<\/strong><\/p>\n\n\n\n<p>Am Markt in Deutschland ist es sehr schwer YUZU Pflanzen zu bekommen.<br>YUZU B\u00e4ume gelten zu den Rarit\u00e4ten unter den Zitruspflanzen und es gibt nur wenige Anbieter, die&nbsp;YUZU  S\u00e4mlinge oder B\u00e4ume anbieten.<\/p>\n\n\n\n<p>Die YUZU Pflanze kann auch auf die <strong>dreibl\u00e4ttrige Bitterorange Poncirus trifoliata<\/strong> veredelt werden.<br><br>Durch die Veredelung kann man die Widerstandsf\u00e4higkeit der YUZU Pflanze gegen Krankheiten, K\u00e4lte und Fruchtbildung der YUZU Pflanze erheblich verbessern.<br>Die Bitterorange bildet dann die Veredelungsgrundlage, auf die dann der YUZU Edelreiser durch verschiedene <strong>Veredelungsmethoden <\/strong>als Pflanze zu einer veredelten YUZU Pflanze weiterw\u00e4chst.<\/p>\n\n\n\n<p>Man kann die YUZU Pflanze auch ohne Veredelung wachsen lassen, allerdings ist dann erst nach ca. 7-9 Jahren mit Fruchtbildung oder auch ohne Fruchtbildung zu rechnen.<\/p>\n\n\n\n<p>Wir bieten YUZU Pfl\u00e4nzchen in verschiedenen Gr\u00f6\u00dfen an.<br>Die Pflanzen werden in unterschiedlichen Gr\u00f6\u00dfen zwischen 15 \u2013 40 cm im <strong>Shop<\/strong> zu erwerben sein.<\/p>\n\n\n\n<p>Danach haben Sie es in der Hand, dass die Jungpflanzen pr\u00e4chtige Zitrusb\u00e4ume werden und somit zur Weiterverbreitung dieser Superfrucht in unseren Breiten zu sorgen und in unseren G\u00e4rten heimisch zu machen.<\/p>\n\n\n\n<p><\/p>\n\n\n\n<p><strong>Vertrieb der dreibl\u00e4ttrigen Bitterorange Poncirus trifoliata<\/strong><\/p>\n\n\n\n<p>Wir k\u00f6nnen ihnen Jungpflanzen in verschiedenen Gr\u00f6\u00dfen anbieten.<br>Die Poncirus trifoliata ist als Baum oder Hecke \u00e4u\u00dferst winterhart bis minus 15 Grad, ist sehr stachelig und hat im Herbst goldene Bl\u00e4tter, die dann abfallen. die Fr\u00fcchte sind nicht genie\u00dfbar aber sehr dekorativ.<\/p>\n\n\n\n<p><strong>Vertrieb der Pomeranze  Citrus \u00d7 aurantium L<\/strong><\/p>\n\n\n\n<p>Die Pomeranze ist nur bis minus 5 Grad k\u00e4lteunempfindlich macht aber als K\u00fcbelbaum schon was besonders her im Garten oder Terrasse<br>Ihre Fr\u00fcchte kann man zu leckerer Bitterorangenmarmelade verarbeiten.<br>Wir bieten sie derzeit in der Gr\u00f6\u00dfe von 20-30cm an.<\/p>\n\n\n\n<p><\/p>\n\n\n\n<p><\/p>\n","protected":false},"excerpt":{"rendered":"<p>Direktverkauf \u00fcber 2 Shop-Plattformen Sie k\u00f6nnen unsere Produkte auf folgende Shops aufrufen:Auf unserem in dieser Website integrierten Shop \u00dcber das Etsy Shop-Portal unter Benutzer Zitrusoase Zitrusoase &#8211; Etsy.de Mosterei f\u00fcr Zitruss\u00e4fte Seit 2024 k\u00f6nnen wir auch gewerblich aus Zitrusfr\u00fcchten S\u00e4fte herstellen.Die Fr\u00fcchte dazu stammen aus unseren eigenen Plantagen nahe Nules in Spanien.Diese sind nicht gespritzt &hellip; <\/p>\n<p class=\"link-more\"><a href=\"https:\/\/yuzu-dreams-scharrer.de\/\" class=\"more-link\">Mehr <span class=\"screen-reader-text\">\u00fcber &#8222;Willkommen bei YUZU DREAMS SCHARRER UG&#8220; <\/span>Lesen<\/a><\/p>\n","protected":false},"author":1,"featured_media":0,"parent":0,"menu_order":0,"comment_status":"closed","ping_status":"open","template":"","meta":{"inspiro_hide_title":false,"footnotes":""},"class_list":["post-2","page","type-page","status-publish","hentry"],"featured_media_urls":[],"_links":{"self":[{"href":"https:\/\/yuzu-dreams-scharrer.de\/index.php?rest_route=\/wp\/v2\/pages\/2","targetHints":{"allow":["GET"]}}],"collection":[{"href":"https:\/\/yuzu-dreams-scharrer.de\/index.php?rest_route=\/wp\/v2\/pages"}],"about":[{"href":"https:\/\/yuzu-dreams-scharrer.de\/index.php?rest_route=\/wp\/v2\/types\/page"}],"author":[{"embeddable":true,"href":"https:\/\/yuzu-dreams-scharrer.de\/index.php?rest_route=\/wp\/v2\/users\/1"}],"replies":[{"embeddable":true,"href":"https:\/\/yuzu-dreams-scharrer.de\/index.php?rest_route=%2Fwp%2Fv2%2Fcomments&post=2"}],"version-history":[{"count":18,"href":"https:\/\/yuzu-dreams-scharrer.de\/index.php?rest_route=\/wp\/v2\/pages\/2\/revisions"}],"predecessor-version":[{"id":519,"href":"https:\/\/yuzu-dreams-scharrer.de\/index.php?rest_route=\/wp\/v2\/pages\/2\/revisions\/519"}],"wp:attachment":[{"href":"https:\/\/yuzu-dreams-scharrer.de\/index.php?rest_route=%2Fwp%2Fv2%2Fmedia&parent=2"}],"curies":[{"name":"wp","href":"https:\/\/api.w.org\/{rel}","templated":true}]}}