{"id":165,"date":"2021-12-07T18:11:19","date_gmt":"2021-12-07T18:11:19","guid":{"rendered":"http:\/\/yuzu-dreams-scharrer.de\/?page_id=165"},"modified":"2022-09-17T23:00:26","modified_gmt":"2022-09-17T23:00:26","slug":"agb","status":"publish","type":"page","link":"https:\/\/yuzu-dreams-scharrer.de\/?page_id=165","title":{"rendered":"AGB"},"content":{"rendered":"\n<p>Sollten Sie Fragen in Bezug zu unseren AGB haben, dann schreiben Sie uns bitte an:&nbsp;<a href=\"mailto:info@yuzu-dreams-scharrer.de\">info@yuzu-dreams-scharrer.de<\/a><\/p>\n\n\n\n<h2 class=\"wp-block-heading\"><strong>Gesch\u00e4ftsbedingungen:&nbsp;<\/strong><\/h2>\n\n\n\n<hr class=\"wp-block-separator has-css-opacity\"\/>\n\n\n\n<p><strong>\u00a7 1 Geltungsbereich<\/strong><\/p>\n\n\n\n<hr class=\"wp-block-separator has-css-opacity\"\/>\n\n\n\n<p>F\u00fcr alle Bestellungen \u00fcber unseren Online-Shop durch Verbraucher und Unternehmer gelten die nachfolgenden AGB.<\/p>\n\n\n\n<p>Verbraucher ist jede nat\u00fcrliche Person, die ein Rechtsgesch\u00e4ft zu Zwecken abschlie\u00dft, die \u00fcberwiegend weder ihrer gewerblichen noch ihrer selbst\u00e4ndigen beruflichen T\u00e4tigkeit zugerechnet werden k\u00f6nnen. Unternehmer ist eine nat\u00fcrliche oder juristische Person oder eine rechtsf\u00e4hige Personengesellschaft, die bei Abschluss eines Rechtsgesch\u00e4fts in Aus\u00fcbung ihrer gewerblichen oder selbst\u00e4ndigen beruflichen T\u00e4tigkeit handelt.<\/p>\n\n\n\n<p>Gegen\u00fcber Unternehmern gelten diese AGB auch f\u00fcr k\u00fcnftige Gesch\u00e4ftsbeziehungen, ohne dass wir nochmals auf sie hinweisen m\u00fcssten. Verwendet der Unternehmer entgegenstehende oder erg\u00e4nzende Allgemeine Gesch\u00e4ftsbedingungen, wird deren Geltung hiermit widersprochen; sie werden nur dann Vertragsbestandteil, wenn wir dem ausdr\u00fccklich zugestimmt haben.<\/p>\n\n\n\n<p><strong>\u00a7 2 Vertragspartner, Vertragsschluss<\/strong><\/p>\n\n\n\n<hr class=\"wp-block-separator has-css-opacity\"\/>\n\n\n\n<p>Der Kaufvertrag kommt mit der YUZU DREAMS SCHARRER UG zustande.<\/p>\n\n\n\n<p>Mit Einstellung der Produkte in den Online-Shop geben wir ein verbindliches Angebot zum Vertragsschluss \u00fcber diese Artikel ab. Sie k\u00f6nnen unsere Produkte zun\u00e4chst unverbindlich in den Warenkorb legen und Ihre Eingaben vor Absenden Ihrer verbindlichen Bestellung jederzeit korrigieren, indem Sie die hierf\u00fcr im Bestellablauf vorgesehenen und erl\u00e4uterten Korrekturhilfen nutzen.<\/p>\n\n\n\n<p>Der Vertrag kommt zustande, indem Sie durch Anklicken des Bestellbuttons das Angebot \u00fcber die im Warenkorb enthaltenen Waren annehmen. Wenn Sie die Zahlungsfunktion PayPal gew\u00e4hlt haben, kommt der Vertrag zum Zeitpunkt Ihrer Best\u00e4tigung der Zahlungsanweisung an PayPal zustande.<\/p>\n\n\n\n<p>Da der Bestelltext bei uns nach Abschluss des Bestellvorganges nicht gespeichert wird, erhalten unsere Kunden unmittelbar nach dem Absenden der Bestellung eine Best\u00e4tigung per Mail.<\/p>\n\n\n\n<p><strong>\u00a7 3 Vertragssprache, Vertragstextspeicherung<\/strong><\/p>\n\n\n\n<hr class=\"wp-block-separator has-css-opacity\"\/>\n\n\n\n<p>Die f\u00fcr den Vertragsschluss zur Verf\u00fcgung stehende Sprache ist Deutsch.&nbsp;<\/p>\n\n\n\n<p>Wir speichern den Vertragstext und senden Ihnen die Bestelldaten und unsere AGB per E-Mail zu.<\/p>\n\n\n\n<p><strong>\u00a7 4 Lieferbedingungen, Lieferfrist<\/strong><\/p>\n\n\n\n<hr class=\"wp-block-separator has-css-opacity\"\/>\n\n\n\n<p>Die Versandart, den Versandweg und die mit dem Versand beauftragte Firma k\u00f6nnen wir nach unserem Ermessen bestimmen, sofern der K\u00e4ufer keine ausdr\u00fccklichen Weisungen gibt.<\/p>\n\n\n\n<p>Aufgrund der Beschaffenheit von Pflanzen liefern wir nicht an Packstationen.<\/p>\n\n\n\n<p><strong>Entsorgung<\/strong><\/p>\n\n\n\n<p>Wir entsorgen keine Verpackungen und k\u00f6nnen keine Paletten zur\u00fccknehmen.<\/p>\n\n\n\n<p><strong>Teillieferungen<\/strong><\/p>\n\n\n\n<p>Teillieferungen durch uns sind zul\u00e4ssig, soweit dies dem K\u00e4ufer zumutbar ist. Dies erm\u00f6glicht dem Kunden bereits Teile seiner Bestellung zu erhalten, ohne auf Ware zu warten, die aufgrund besonderer Umst\u00e4nde verz\u00f6gert geliefert werden.<\/p>\n\n\n\n<p><strong>Lieferfrist<\/strong><\/p>\n\n\n\n<p>Die Lieferfrist verl\u00e4ngert sich ggf. um die Zeit, bis der K\u00e4ufer alle Angaben und Unterlagen \u00fcbergeben hat, welche f\u00fcr die Ausf\u00fchrung des Auftrages notwendig sind.<\/p>\n\n\n\n<p>Lieferverz\u00f6gerungen, die durch gesetzliche oder beh\u00f6rdliche Anordnungen (z. B. Import- und Exportbeschr\u00e4nkungen) verursacht werden und nicht von uns zu vertreten sind, verl\u00e4ngern die Lieferfrist entsprechend der Dauer derartiger Hindernisse. Deren Beginn und Ende werden wir in wichtigen F\u00e4llen dem K\u00e4ufer unverz\u00fcglich mitteilen.<\/p>\n\n\n\n<p>Geraten wir mit der Lieferung in Verzug, so ist unsere Schadensersatzpflicht im Falle leichter Fahrl\u00e4ssigkeit auf den vorhersehbaren Schaden begrenzt. Weitergehende Schadensersatzanspr\u00fcche bestehen nur, wenn der Verzug auf Vorsatz oder grober Fahrl\u00e4ssigkeit beruht.<\/p>\n\n\n\n<p><strong>\u00a7 5 Selbstabholung<\/strong><\/p>\n\n\n\n<hr class=\"wp-block-separator has-css-opacity\"\/>\n\n\n\n<p>Eine Selbstabholung ist grunds\u00e4tzlich nur f\u00fcr Plantagenb\u00e4ume vorgesehen.<br>Hier erfolgt derzeit kein Versand.<br><br><\/p>\n\n\n\n<p><strong>\u00a7 6 Preise, Bezahlung<\/strong><\/p>\n\n\n\n<hr class=\"wp-block-separator has-css-opacity\"\/>\n\n\n\n<p>F\u00fcr die Lieferung gelten im Internet angegebenen Preise zum Zeitpunkt der Bestellung. Die angegebenen Preise sind Euro-Endpreise, das hei\u00dft, sie beinhalten die jeweils g\u00fcltige deutsche gesetzliche Mehrwertsteuer und sonstige Preisbestandteile.<\/p>\n\n\n\n<p>Zuz\u00fcglich zu den angegebenen Produktpreisen kommen noch Versandkosten hinzu. N\u00e4heres zur H\u00f6he der Versandkosten erfahren Sie im Shop innerhalb des Bestellprozesses. m\u00f6glich. &nbsp;Nachbestellungen l\u00f6sen immer eine neue Bestellung aus.&nbsp; &nbsp; &nbsp;<\/p>\n\n\n\n<p>Die Zahlung kann grunds\u00e4tzlich per Vorkasse, Kreditkarte oder Paypal erfolgen. Wir behalten uns vor, Ihnen f\u00fcr die erbetene Lieferung und von uns angebotene Dienstleistung nur bestimmte Zahlungsarten anzubieten, beispielweise zur Absicherung unseres Kreditrisikos nur solche entsprechend der jeweiligen Bonit\u00e4t. F\u00fcr Neukunden gilt die Zahlung per Vorkasse.&nbsp;<\/p>\n\n\n\n<p><strong>Vorkasse<br><\/strong>Bei Auswahl der Zahlungsart Vorkasse nennen wir Ihnen unsere Bankverbindung in separater E-Mail der Auftragsbest\u00e4tigung und liefern die Ware nach Zahlungseingang. Bei Erstbestellungen erbitten wir generell&nbsp;Vorkassenzahlung.<\/p>\n\n\n\n<p><strong>PayPal<br><\/strong>Im Bestellprozess werden Sie auf die Webseite des Online-Anbieters PayPal weitergeleitet. Um den Rechnungsbetrag \u00fcber PayPal bezahlen zu k\u00f6nnen, m\u00fcssen Sie dort registriert sein bzw. sich erst registrieren, mit Ihren Zugangsdaten legitimieren und die Zahlungsanweisung an uns best\u00e4tigen. Nach Abgabe der Bestellung im Shop fordern wir PayPal zur Einleitung der Zahlungstransaktion auf. Sobald unser PayPal-Account \u00fcber Ihre Autorisierung informiert und die Zahlungstransaktion durch Paypal unmittelbar danach automatisch durchgef\u00fchrt wurde, erfolgt \u2013 abh\u00e4ngig von der beim Artikel angegebenen Lieferzeit \u2013 der Versand. Weitere Hinweise erhalten Sie beim Bestellvorgang.<\/p>\n\n\n\n<p><strong>\u00a7 7 Eigentumsvorbehalt<\/strong><\/p>\n\n\n\n<hr class=\"wp-block-separator has-css-opacity\"\/>\n\n\n\n<p>Die Ware bleibt bis zur vollst\u00e4ndigen Bezahlung unser Eigentum.<\/p>\n\n\n\n<p>F\u00fcr Unternehmer gilt erg\u00e4nzend: Wir behalten uns das Eigentum an der Ware bis zur vollst\u00e4ndigen Begleichung aller Forderungen aus einer laufenden Gesch\u00e4ftsbeziehung vor. Sie d\u00fcrfen die Vorbehaltsware im ordentlichen Gesch\u00e4ftsbetrieb weiterver\u00e4u\u00dfern; s\u00e4mtliche aus diesem Weiterverkauf entstehenden Forderungen treten Sie \u2013 unabh\u00e4ngig von einer Verbindung oder Vermischung der Vorbehaltsware mit einer neuen Sache &#8211; in H\u00f6he des Rechnungsbetrages an uns im Voraus ab, und wir nehmen diese Abtretung an. Sie bleiben zur Einziehung der Forderungen erm\u00e4chtigt, wir d\u00fcrfen Forderungen jedoch auch selbst einziehen, soweit Sie Ihren Zahlungsverpflichtungen nicht nachkommen.<\/p>\n\n\n\n<p><strong>\u00a7 8 Transportsch\u00e4den, Gefahren\u00fcbergang<\/strong><\/p>\n\n\n\n<hr class=\"wp-block-separator has-css-opacity\"\/>\n\n\n\n<p>Die Gefahr geht auf den K\u00e4ufer \u00fcber, sobald die Sendung mit den Liefergegenst\u00e4nden vom Spediteur an den K\u00e4ufer \u00fcbergeben wird. Der K\u00e4ufer hat sowohl offensichtliche, wie auch eventuell festgestellte Transportsch\u00e4den unverz\u00fcglich an die YUZU DREAMS SCHARRER UG mitzuteilen, um Anspr\u00fcche geltend machen zu k\u00f6nnen. Werden Waren mit offensichtlichen Transportsch\u00e4den angeliefert, so reklamieren Sie solche Fehler bitte m\u00f6glichst sofort beim Zusteller und nehmen Sie bitte unverz\u00fcglich Kontakt zu uns auf.<\/p>\n\n\n\n<p>Die Vers\u00e4umung einer Reklamation oder Kontaktaufnahme hat f\u00fcr Ihre gesetzlichen Anspr\u00fcche und deren Durchsetzung, insbesondere Ihre Gew\u00e4hrleistungsrechte, keinerlei Konsequenzen. Sie helfen uns aber, unsere eigenen Anspr\u00fcche gegen\u00fcber dem Frachtf\u00fchrer bzw. der Transportversicherung geltend machen zu k\u00f6nnen.<\/p>\n\n\n\n<p><strong>F\u00fcr Verbraucher gilt:<\/strong><\/p>\n\n\n\n<p>Werden Waren mit offensichtlichen Transportsch\u00e4den angeliefert, so reklamieren Sie solche Fehler bitte m\u00f6glichst sofort beim Zusteller und nehmen Sie bitte unverz\u00fcglich Kontakt zu uns auf. Die Vers\u00e4umung einer Reklamation oder Kontaktaufnahme hat f\u00fcr Ihre gesetzlichen Anspr\u00fcche und deren Durchsetzung, insbesondere Ihre Gew\u00e4hrleistungsrechte, keinerlei Konsequenzen. Sie helfen uns aber, unsere eigenen Anspr\u00fcche gegen\u00fcber dem Frachtf\u00fchrer bzw. der Transportversicherung geltend machen zu k\u00f6nnen.<\/p>\n\n\n\n<p><strong>F\u00fcr Unternehmer gilt:<\/strong><\/p>\n\n\n\n<p>Die Gefahr des zuf\u00e4lligen Untergangs und der zuf\u00e4lligen Verschlechterung geht auf Sie \u00fcber, sobald wir die Sache dem Spediteur, dem Frachtf\u00fchrer oder der sonst zur Ausf\u00fchrung der Versendung bestimmten Person oder Anstalt ausgeliefert haben. Unter Kaufleuten gilt die in \u00a7 377 HGB geregelte Untersuchungs- und R\u00fcgepflicht. Unterlassen Sie die dort geregelte Anzeige, so gilt die Ware als genehmigt, es sei denn, dass es sich um einen Mangel handelt, der bei der Untersuchung nicht erkennbar war. Dies gilt nicht, falls wir einen Mangel arglistig verschwiegen haben.<\/p>\n\n\n\n<p><strong>\u00a7 9 Gew\u00e4hrleistung<\/strong><\/p>\n\n\n\n<hr class=\"wp-block-separator has-css-opacity\"\/>\n\n\n\n<p>Soweit nicht nachstehend ausdr\u00fccklich anders vereinbart, gilt das gesetzliche M\u00e4ngelhaftungsrecht. F\u00fcr Verbraucher betr\u00e4gt die Verj\u00e4hrungsfrist f\u00fcr M\u00e4ngelanspr\u00fcche bei gebrauchten Sachen ein Jahr ab Ablieferung der Ware.<br>Der Verbraucher ist mit Erwerb der Pflanzen verpflichtet sich Kenntnisse in die Botanik dieser Zitruspflanzen aufzubauen und diesbez\u00fcglich so die Pflanzen zu pflegen. Bei gegenteiliger Feststellung durch Beweismittel (Foto von schadhafter &nbsp;Pflanze) entf\u00e4llt auch vor den 365 Tagen die Gew\u00e4hrleistung fristlos!<br>F\u00fcr Unternehmer betr\u00e4gt die Verj\u00e4hrungsfrist f\u00fcr M\u00e4ngelanspr\u00fcche ein Jahr ab Gefahr\u00fcbergang; die gesetzlichen Verj\u00e4hrungsfristen f\u00fcr den R\u00fcckgriffsanspruch nach \u00a7 478 BGB bleiben unber\u00fchrt.<\/p>\n\n\n\n<p>Gegen\u00fcber Unternehmern gelten als Vereinbarung \u00fcber die Beschaffenheit der Ware nur unsere eigenen Angaben und die Produktbeschreibungen des Herstellers, die in den Vertrag einbezogen wurden; f\u00fcr \u00f6ffentliche \u00c4u\u00dferungen des Herstellers oder sonstige Werbeaussagen \u00fcbernehmen wir keine Haftung.<\/p>\n\n\n\n<p>Ist die gelieferte Sache mangelhaft, leisten wir gegen\u00fcber Unternehmern zun\u00e4chst nach unserer Wahl Gew\u00e4hr durch Beseitigung des Mangels (Nachbesserung) oder durch Lieferung einer mangelfreien Sache (Ersatzlieferung).&nbsp;Im Fall einer Ersatz- bzw. Nachlieferung erstatten wir keine Aufwandskosten. Der Mangel muss vor Verwendung (Pflanzung) der Pflanzen angezeigt werden. Sie d\u00fcrfen nicht vor einer abschlie\u00dfenden Einigung zur Nachbesserung ohne R\u00fccksprache mit uns entsorgt werden, sondern sind bis dahin zu pflegen.<\/p>\n\n\n\n<p>Die vorstehenden Einschr\u00e4nkungen und Fristverk\u00fcrzungen gelten nicht f\u00fcr Anspr\u00fcche aufgrund von Sch\u00e4den, die durch uns, unsere gesetzlichen Vertreter oder Erf\u00fcllungsgehilfen verursacht wurden:<\/p>\n\n\n\n<ul class=\"wp-block-list\"><li>bei Sch\u00e4den die auf h\u00f6here Gewalt zur\u00fcckzuf\u00fchren sind, z.B. Sch\u00e4den durch Frost, D\u00fcrre, Unwetter, \u00dcberschwemmungen, Erdbeben, Streik<\/li><li>bei&nbsp;unsachgem\u00e4\u00dfen Gebrauch, Lagerung, Behandlung oder Missachtung der Pflanzanleitung bzw. Pflanztipps unserer G\u00e4rtner<\/li><li>bei Verletzung des Lebens, des K\u00f6rpers oder der Gesundheit<\/li><li>bei Verletzung des Lebens, des K\u00f6rpers oder der Gesundheit bei vors\u00e4tzlicher oder grob fahrl\u00e4ssiger Pflichtverletzung sowie Arglist<\/li><li>bei Verletzung wesentlicher Vertragspflichten, deren Erf\u00fcllung die ordnungsgem\u00e4\u00dfe Durchf\u00fchrung des Vertrages \u00fcberhaupt erst erm\u00f6glicht und auf deren Einhaltung der Vertragspartner regelm\u00e4\u00dfig vertrauen darf (Kardinalpflichten)<\/li><li>im Rahmen eines Garantieversprechens, soweit vereinbart<\/li><li>soweit der Anwendungsbereich des Produkthaftungsgesetzes er\u00f6ffnet ist.<\/li><\/ul>\n\n\n\n<p><strong>\u00a7 10 Gutscheine, Rabattcodes, Kundenkonto<\/strong><\/p>\n\n\n\n<hr class=\"wp-block-separator has-css-opacity\"\/>\n\n\n\n<p><strong>Kundenkonto <\/strong><\/p>\n\n\n\n<p>Sollten Sie Artikel reklamieren oder stornieren, so k\u00f6nnen wir aus Kulanz statt der \u00fcblichen R\u00fcck\u00fcberweisung, den Betrag auf das Kundenkonto, falls Sie nicht als Gast bestellt haben, buchen.&nbsp;Die Verwendung des Guthabens auf dem Kundenkonto muss im Checkout der Bestellung eingel\u00f6st werden. Sollte dies nicht geklappt haben, k\u00f6nnen Sie uns u.U. mit uns Kontakt treten.&nbsp;Ein Guthaben auf dem Kundenkonto, welches aus einer Kulanzleistung zustande kommt, kann nicht an den Kunden ausgezahlt werden.<\/p>\n\n\n\n<p><strong>\u00a7 11 Garantien (&#8222;Anwuchsgarantie und Wuchsgarantie&#8220;)<\/strong><\/p>\n\n\n\n<hr class=\"wp-block-separator has-css-opacity\"\/>\n\n\n\n<p>Wir gew\u00e4hren f\u00fcr alle von der YUZU DREAMS SCHARRER UG aus dem Standardsortiment bezogenen Pflanzen eine 365 Tage Anwuchs- und Wuchsgarantie. Sollte eine solche Pflanze nicht weiterwachsenn, erh\u00e4lt der K\u00e4ufer auf Anforderung kostenfrei eine gleichartige Ersatzpflanze.<br><strong>Die Anwuchsgarantie bzw Wuchsgarantie kann bei folgenden Gegebenheiten nicht geltend gemacht werden:&nbsp;<\/strong><\/p>\n\n\n\n<ul class=\"wp-block-list\"><li>Jungpflanzen bis 5 Jahre, die nicht richtig versorgt wurden<br>&nbsp;mit dem n\u00f6tigen Pflanzsubstrat (Erde), Wasser, Licht und speziellen N\u00e4hrstoffen&nbsp;f\u00fcr Zitruspflanzen<\/li><li>Jungpflanzen bis 5 Jahre, die dem Frost ausgesetzt worden sind<\/li><li>bei unsachgem\u00e4\u00dfen Gebrauch, Lagerung, Behandlung oder Pflanzung der gelieferten Ware<\/li><\/ul>\n\n\n\n<p><strong>\u00a7 12 Haftung<\/strong><\/p>\n\n\n\n<hr class=\"wp-block-separator has-css-opacity\"\/>\n\n\n\n<p>&nbsp;Anspr\u00fcche auf Schadensersatz sind ausgeschlossen.<\/p>\n\n\n\n<p><strong>\u00a7 13 Verhaltenskodex<\/strong><\/p>\n\n\n\n<hr class=\"wp-block-separator has-css-opacity\"\/>\n\n\n\n<p>Derzeit keinem Verhaltenskodex unterworfen aber wir leben ihn trotzdem.<\/p>\n\n\n\n<p><strong>\u00a7 14 Streitbeilegung<\/strong><\/p>\n\n\n\n<hr class=\"wp-block-separator has-css-opacity\"\/>\n\n\n\n<p>Die EU-Kommission stellt eine Plattform f\u00fcr au\u00dfergerichtliche Streitschlichtung bereit. Verbrauchern gibt dies die M\u00f6glichkeit, Streitigkeiten im Zusammenhang mit Ihrer Online-Bestellung zun\u00e4chst ohne die Einschaltung eines Gerichts zu kl\u00e4ren. Die Streitbeilegungs-Plattform ist unter dem externen Link&nbsp;<a href=\"https:\/\/ec.europa.eu\/consumers\/odr\/\" target=\"_blank\" rel=\"noreferrer noopener\">https:\/\/ec.europa.eu\/consumers\/odr\/<\/a>&nbsp;erreichbar.<\/p>\n\n\n\n<p>Zur Teilnahme an einem Streitbeilegungsverfahren vor einer Verbraucherschlichtungsstelle sind wir nicht verpflichtet und nicht bereit.<\/p>\n\n\n\n<p><strong>\u00a7 15 R\u00fccktritt bei Verm\u00f6gensverschlechterung<\/strong><\/p>\n\n\n\n<hr class=\"wp-block-separator has-css-opacity\"\/>\n\n\n\n<p>Wir k\u00f6nnen vom Vertrag zur\u00fccktreten, wenn uns eine Zahlungseinstellung, die Er\u00f6ffnung des Konkurs- oder gerichtlichen Vergleichsverfahrens, die Ablehnung des Konkurses mangels Masse, Wechsel- oder Scheckproteste oder andere konkrete Anhaltspunkte \u00fcber Verschlechterung in den Verm\u00f6gensverh\u00e4ltnissen des K\u00e4ufers bekannt werden.<\/p>\n\n\n\n<p><strong>\u00a7 16 Schlussbestimmungen<\/strong><\/p>\n\n\n\n<hr class=\"wp-block-separator has-css-opacity\"\/>\n\n\n\n<p>Sind Sie Unternehmer, dann gilt deutsches Recht unter Ausschluss des UN-Kaufrechts.<\/p>\n\n\n\n<p>Sind Sie Kaufmann im Sinne des Handelsgesetzbuches, juristische Person des \u00f6ffentlichen Rechts oder \u00f6ffentlich-rechtliches Sonderverm\u00f6gen, ist ausschlie\u00dflicher Gerichtsstand f\u00fcr alle Streitigkeiten aus Vertragsverh\u00e4ltnissen zwischen uns und Ihnen unser Gesch\u00e4ftssitz. Bei Unwirksamkeit einzelner Bestimmungen des Liefervertrages oder dieser Allgemeinen Gesch\u00e4ftsbedingungen bleiben die \u00fcbrigen Bestimmungen weiterhin wirksam. Im grenz\u00fcberschreitenden Lieferverkehr gilt deutsches Recht.<\/p>\n\n\n\n<p><strong>\u00a7 17 Widerrufsbelehrung<\/strong><\/p>\n\n\n\n<hr class=\"wp-block-separator has-css-opacity\"\/>\n\n\n\n<p>Verbraucher haben ein vierzehnt\u00e4giges Widerrufsrecht.<\/p>\n\n\n\n<p><strong>Widerrufsrecht<\/strong><\/p>\n\n\n\n<p>Sie haben das Recht, binnen vierzehn Tagen ohne Angabe von Gr\u00fcnden diesen Vertrag zu widerrufen.<\/p>\n\n\n\n<p>Die Widerrufsfrist betr\u00e4gt vierzehn Tage ab dem Tag, an dem Sie oder ein von Ihnen benannter Dritter, der nicht der Bef\u00f6rderer ist, die letzte Ware in Besitz genommen haben bzw. hat.<\/p>\n\n\n\n<p>Um Ihr Widerrufsrecht auszu\u00fcben, m\u00fcssen Sie uns (YUZU DREAMS SCHARRER UG, Ringstra\u00dfe 30, 92712 Pirk, info@yuzu-dreams-scharrer.de, Deutschland, Telefon: +49 15736448631 &nbsp;mittels einer eindeutigen Erkl\u00e4rung (z. B. ein mit der Post versandter Brief oder E-Mail) \u00fcber Ihren Entschluss, diesen Vertrag zu widerrufen, informieren.<\/p>\n\n\n\n<p>Zur Wahrung der Widerrufsfrist reicht es aus, dass Sie die Mitteilung \u00fcber die Aus\u00fcbung des Widerrufsrechts vor Ablauf der Widerrufsfrist absenden.<\/p>\n\n\n\n<p><strong>Folgen des Widerrufs<\/strong><\/p>\n\n\n\n<p>Wenn Sie diesen Vertrag widerrufen, haben wir Ihnen alle Zahlungen, die wir von Ihnen erhalten haben, einschlie\u00dflich der Lieferkosten (mit Ausnahme der zus\u00e4tzlichen Kosten, die sich daraus ergeben, dass Sie eine andere Art der Lieferung als die von uns angebotene, g\u00fcnstigste Standardlieferung gew\u00e4hlt haben), unverz\u00fcglich und sp\u00e4testens binnen vierzehn Tagen ab dem Tag zur\u00fcckzuzahlen, an dem die Mitteilung \u00fcber Ihren Widerruf dieses Vertrags bei uns eingegangen ist. F\u00fcr diese R\u00fcckzahlung verwenden wir dasselbe Zahlungsmittel, das Sie bei der urspr\u00fcnglichen Transaktion eingesetzt haben, es sei denn, mit Ihnen wurde ausdr\u00fccklich etwas anderes vereinbart. In keinem Fall werden Ihnen wegen dieser R\u00fcckzahlung Entgelte berechnet. Wir k\u00f6nnen die R\u00fcckzahlung verweigern, bis wir die Waren wieder zur\u00fcckerhalten haben oder bis Sie den Nachweis erbracht haben, dass Sie die Waren zur\u00fcckgesandt haben, je nachdem, welches der fr\u00fchere Zeitpunkt ist.<\/p>\n\n\n\n<p>Sie haben die Waren unverz\u00fcglich und in jedem Fall sp\u00e4testens binnen vierzehn Tagen ab dem Tag, an dem Sie uns \u00fcber den Widerruf dieses Vertrags unterrichten, an uns zur\u00fcckzusenden oder zu \u00fcbergeben. Die Frist ist gewahrt, wenn Sie die Waren vor Ablauf der Frist von vierzehn Tagen absenden.<br><br><\/p>\n\n\n\n<p>Sie tragen die unmittelbaren Kosten der R\u00fccksendung der Waren nach Vereinbarung. Eine \u00dcbernahme der R\u00fccksendekosten durch uns ist reine Kulanzleistung.&nbsp;<\/p>\n\n\n\n<p>Sie m\u00fcssen f\u00fcr einen etwaigen Wertverlust der Waren nur aufkommen, wenn dieser Wertverlust auf einen zur Pr\u00fcfung der Beschaffenheit, Eigenschaften und Funktionsweise der Waren nicht notwendigen Umgang mit ihnen zur\u00fcckzuf\u00fchren ist.<\/p>\n\n\n\n<p>Nach Ablauf der Widerrufsfrist erfolgt eine Warenr\u00fccknahme nur bei nachweislich falscher Belieferung.<\/p>\n\n\n\n<p>Bei unfreien R\u00fccksendungen behalten wir uns vor, die entstandenen Kosten vom Kaufpreis der Bestellung abzuziehen.<\/p>\n\n\n\n<p><strong>\u00a7 18 Datenschutz<\/strong><\/p>\n\n\n\n<hr class=\"wp-block-separator has-css-opacity\"\/>\n\n\n\n<p>Bez\u00fcglich des Datenschutzes verweisen wir auf unsere Datenschutzrichtlinie auf unserer Webseite. Lesen Sie dazu die Vorschriften in der Rubrik DSGVO.<\/p>\n\n\n\n<p><strong>\u00a7 19 Anbieterkennzeichnung<br><br><\/strong>YUZU DREAMS SCHARRER UG<br><br>Ringstra\u00dfe 30<\/p>\n\n\n\n<p>92712 Pirk<\/p>\n\n\n\n<p>Mail: info@yuzu-dreams-scharrer.de<\/p>\n\n\n\n<p>Festnetz: +49 15736448631<\/p>\n\n\n\n<p>Gesch\u00e4ftsf\u00fchrer und Inhaber: Norbert und Scharrer<\/p>\n\n\n\n<p>USt-IdNr: DE240541659<br><\/p>\n\n\n\n<hr class=\"wp-block-separator has-css-opacity\"\/>\n\n\n\n<p>Pirk, Dezember 2021<\/p>\n\n\n\n<p><\/p>\n","protected":false},"excerpt":{"rendered":"<p>Sollten Sie Fragen in Bezug zu unseren AGB haben, dann schreiben Sie uns bitte an:&nbsp;info@yuzu-dreams-scharrer.de Gesch\u00e4ftsbedingungen:&nbsp; \u00a7 1 Geltungsbereich F\u00fcr alle Bestellungen \u00fcber unseren Online-Shop durch Verbraucher und Unternehmer gelten die nachfolgenden AGB. Verbraucher ist jede nat\u00fcrliche Person, die ein Rechtsgesch\u00e4ft zu Zwecken abschlie\u00dft, die \u00fcberwiegend weder ihrer gewerblichen noch ihrer selbst\u00e4ndigen beruflichen T\u00e4tigkeit zugerechnet &hellip; <\/p>\n<p class=\"link-more\"><a href=\"https:\/\/yuzu-dreams-scharrer.de\/?page_id=165\" class=\"more-link\">Mehr <span class=\"screen-reader-text\">\u00fcber &#8222;AGB&#8220; <\/span>Lesen<\/a><\/p>\n","protected":false},"author":1,"featured_media":156,"parent":0,"menu_order":0,"comment_status":"closed","ping_status":"closed","template":"","meta":{"inspiro_hide_title":false,"footnotes":""},"class_list":["post-165","page","type-page","status-publish","has-post-thumbnail","hentry"],"featured_media_urls":{"thumbnail":["https:\/\/yuzu-dreams-scharrer.de\/wp-content\/uploads\/2021\/12\/IMG_0083-1-150x150.jpg",150,150,true],"medium":["https:\/\/yuzu-dreams-scharrer.de\/wp-content\/uploads\/2021\/12\/IMG_0083-1-300x225.jpg",300,225,true],"medium_large":["https:\/\/yuzu-dreams-scharrer.de\/wp-content\/uploads\/2021\/12\/IMG_0083-1-768x576.jpg",768,576,true],"large":["https:\/\/yuzu-dreams-scharrer.de\/wp-content\/uploads\/2021\/12\/IMG_0083-1-1024x768.jpg",950,713,true],"1536x1536":["https:\/\/yuzu-dreams-scharrer.de\/wp-content\/uploads\/2021\/12\/IMG_0083-1-1536x1152.jpg",1536,1152,true],"2048x2048":["https:\/\/yuzu-dreams-scharrer.de\/wp-content\/uploads\/2021\/12\/IMG_0083-1-2048x1536.jpg",2048,1536,true],"inspiro-featured-image":["https:\/\/yuzu-dreams-scharrer.de\/wp-content\/uploads\/2021\/12\/IMG_0083-1-2000x1500.jpg",2000,1500,true],"inspiro-loop":["https:\/\/yuzu-dreams-scharrer.de\/wp-content\/uploads\/2021\/12\/IMG_0083-1-950x320.jpg",950,320,true],"inspiro-loop@2x":["https:\/\/yuzu-dreams-scharrer.de\/wp-content\/uploads\/2021\/12\/IMG_0083-1-scaled-1900x640.jpg",1900,640,true],"portfolio_item-thumbnail":["https:\/\/yuzu-dreams-scharrer.de\/wp-content\/uploads\/2021\/12\/IMG_0083-1-scaled-600x400.jpg",600,400,true],"portfolio_item-thumbnail@2x":["https:\/\/yuzu-dreams-scharrer.de\/wp-content\/uploads\/2021\/12\/IMG_0083-1-scaled-1200x800.jpg",1200,800,true],"portfolio_item-masonry":["https:\/\/yuzu-dreams-scharrer.de\/wp-content\/uploads\/2021\/12\/IMG_0083-1-scaled-600x450.jpg",600,450,true],"portfolio_item-masonry@2x":["https:\/\/yuzu-dreams-scharrer.de\/wp-content\/uploads\/2021\/12\/IMG_0083-1-scaled-1200x900.jpg",1200,900,true],"portfolio_item-thumbnail_cinema":["https:\/\/yuzu-dreams-scharrer.de\/wp-content\/uploads\/2021\/12\/IMG_0083-1-scaled-800x335.jpg",800,335,true],"portfolio_item-thumbnail_portrait":["https:\/\/yuzu-dreams-scharrer.de\/wp-content\/uploads\/2021\/12\/IMG_0083-1-scaled-600x900.jpg",600,900,true],"portfolio_item-thumbnail_portrait@2x":["https:\/\/yuzu-dreams-scharrer.de\/wp-content\/uploads\/2021\/12\/IMG_0083-1-scaled-1200x1800.jpg",1200,1800,true],"portfolio_item-thumbnail_square":["https:\/\/yuzu-dreams-scharrer.de\/wp-content\/uploads\/2021\/12\/IMG_0083-1-scaled-800x800.jpg",800,800,true]},"_links":{"self":[{"href":"https:\/\/yuzu-dreams-scharrer.de\/index.php?rest_route=\/wp\/v2\/pages\/165","targetHints":{"allow":["GET"]}}],"collection":[{"href":"https:\/\/yuzu-dreams-scharrer.de\/index.php?rest_route=\/wp\/v2\/pages"}],"about":[{"href":"https:\/\/yuzu-dreams-scharrer.de\/index.php?rest_route=\/wp\/v2\/types\/page"}],"author":[{"embeddable":true,"href":"https:\/\/yuzu-dreams-scharrer.de\/index.php?rest_route=\/wp\/v2\/users\/1"}],"replies":[{"embeddable":true,"href":"https:\/\/yuzu-dreams-scharrer.de\/index.php?rest_route=%2Fwp%2Fv2%2Fcomments&post=165"}],"version-history":[{"count":12,"href":"https:\/\/yuzu-dreams-scharrer.de\/index.php?rest_route=\/wp\/v2\/pages\/165\/revisions"}],"predecessor-version":[{"id":363,"href":"https:\/\/yuzu-dreams-scharrer.de\/index.php?rest_route=\/wp\/v2\/pages\/165\/revisions\/363"}],"wp:featuredmedia":[{"embeddable":true,"href":"https:\/\/yuzu-dreams-scharrer.de\/index.php?rest_route=\/wp\/v2\/media\/156"}],"wp:attachment":[{"href":"https:\/\/yuzu-dreams-scharrer.de\/index.php?rest_route=%2Fwp%2Fv2%2Fmedia&parent=165"}],"curies":[{"name":"wp","href":"https:\/\/api.w.org\/{rel}","templated":true}]}}