{"id":15,"date":"2021-12-02T00:05:01","date_gmt":"2021-12-02T00:05:01","guid":{"rendered":"http:\/\/yuzu-dreams-scharrer.de\/?page_id=15"},"modified":"2022-07-02T10:31:45","modified_gmt":"2022-07-02T10:31:45","slug":"ueber-uns","status":"publish","type":"page","link":"https:\/\/yuzu-dreams-scharrer.de\/?page_id=15","title":{"rendered":"\u00dcber uns"},"content":{"rendered":"\n<div class=\"wp-block-media-text alignwide is-stacked-on-mobile is-vertically-aligned-center\"><figure class=\"wp-block-media-text__media\"><img fetchpriority=\"high\" decoding=\"async\" width=\"768\" height=\"1024\" src=\"http:\/\/yuzu-dreams-scharrer.de\/wp-content\/uploads\/2021\/12\/IMG_0156-768x1024.jpg\" alt=\"\" class=\"wp-image-219 size-full\" srcset=\"https:\/\/yuzu-dreams-scharrer.de\/wp-content\/uploads\/2021\/12\/IMG_0156-768x1024.jpg 768w, https:\/\/yuzu-dreams-scharrer.de\/wp-content\/uploads\/2021\/12\/IMG_0156-225x300.jpg 225w, https:\/\/yuzu-dreams-scharrer.de\/wp-content\/uploads\/2021\/12\/IMG_0156-1152x1536.jpg 1152w, https:\/\/yuzu-dreams-scharrer.de\/wp-content\/uploads\/2021\/12\/IMG_0156-1536x2048.jpg 1536w, https:\/\/yuzu-dreams-scharrer.de\/wp-content\/uploads\/2021\/12\/IMG_0156-2000x2667.jpg 2000w, https:\/\/yuzu-dreams-scharrer.de\/wp-content\/uploads\/2021\/12\/IMG_0156-scaled.jpg 1920w\" sizes=\"(max-width: 768px) 100vw, 768px\" \/><\/figure><div class=\"wp-block-media-text__content\">\n<pre class=\"wp-block-preformatted has-background\" style=\"background:linear-gradient(135deg,rgb(202,248,128) 0%,rgb(113,206,126) 78%)\"><strong>Wir sind ein Startup Unternehmen, das sich zum Ziel gesetzt hat, eine bisher noch relativ unbekannte Zitrusart in unseren Breitengraden bekannt und heimisch zu machen.<\/strong><\/pre>\n\n\n\n<p>Wir sind derzeit in der Vorbereitungsphase junge gesunde Pfl\u00e4nzchen an interessierte Zitrusfreunde und gesundheitsbewusste Kunden anzubieten. Der erste Verkauf ist Mitte 2022 bereits erfolgreich gestartet.<\/p>\n\n\n\n<p>Im zweiten Schritt erfolgt dann der Verkauf von veredelten zwei- bis dreij\u00e4hrigen Yuzu B\u00e4umchen und die ebenfalls f\u00fcr unsere Region geeignete Bitterorange aus der Gattung Poncirus trifoliata.<br><br>Der erste Vertrieb von frischen YUZU Fr\u00fcchten wird dann so Ende 2024 erfolgen.<\/p>\n\n\n\n<p>Ziel unseres Startup Unternehmens ist es dieses Superfood und Zitrusrarit\u00e4t in Bayern und dar\u00fcber hinaus in unseren G\u00e4rten und Balkonen heimisch zu machen.<\/p>\n\n\n\n<p>Diese Voraussetzung hat sie wie kein anderer Zitrusbaum, sehr resistent gegen Sch\u00e4dlinge, Krankheiten und absolut winterhart bis -12 Grad, mit Schutz kurzzeitig auch mal dar\u00fcber!<\/p>\n\n\n\n<p>Weiter Informationen und Vorteile dieser Frucht lesen sie auf unserer Website zu den einzelnen Themen<\/p>\n\n\n\n<p><\/p>\n<\/div><\/div>\n","protected":false},"excerpt":{"rendered":"<p>Wir sind ein Startup Unternehmen, das sich zum Ziel gesetzt hat, eine bisher noch relativ unbekannte Zitrusart in unseren Breitengraden bekannt und heimisch zu machen. Wir sind derzeit in der Vorbereitungsphase junge gesunde Pfl\u00e4nzchen an interessierte Zitrusfreunde und gesundheitsbewusste Kunden anzubieten. Der erste Verkauf ist Mitte 2022 bereits erfolgreich gestartet. Im zweiten Schritt erfolgt dann &hellip; <\/p>\n<p class=\"link-more\"><a href=\"https:\/\/yuzu-dreams-scharrer.de\/?page_id=15\" class=\"more-link\">Mehr <span class=\"screen-reader-text\">\u00fcber &#8222;\u00dcber uns&#8220; <\/span>Lesen<\/a><\/p>\n","protected":false},"author":1,"featured_media":147,"parent":0,"menu_order":0,"comment_status":"closed","ping_status":"closed","template":"","meta":{"inspiro_hide_title":false,"footnotes":""},"class_list":["post-15","page","type-page","status-publish","has-post-thumbnail","hentry"],"featured_media_urls":{"thumbnail":["https:\/\/yuzu-dreams-scharrer.de\/wp-content\/uploads\/2021\/12\/IMG_0083-150x150.jpg",150,150,true],"medium":["https:\/\/yuzu-dreams-scharrer.de\/wp-content\/uploads\/2021\/12\/IMG_0083-300x225.jpg",300,225,true],"medium_large":["https:\/\/yuzu-dreams-scharrer.de\/wp-content\/uploads\/2021\/12\/IMG_0083-768x576.jpg",768,576,true],"large":["https:\/\/yuzu-dreams-scharrer.de\/wp-content\/uploads\/2021\/12\/IMG_0083-1024x768.jpg",950,713,true],"1536x1536":["https:\/\/yuzu-dreams-scharrer.de\/wp-content\/uploads\/2021\/12\/IMG_0083-1536x1152.jpg",1536,1152,true],"2048x2048":["https:\/\/yuzu-dreams-scharrer.de\/wp-content\/uploads\/2021\/12\/IMG_0083-2048x1536.jpg",2048,1536,true],"inspiro-featured-image":["https:\/\/yuzu-dreams-scharrer.de\/wp-content\/uploads\/2021\/12\/IMG_0083-2000x1500.jpg",2000,1500,true],"inspiro-loop":["https:\/\/yuzu-dreams-scharrer.de\/wp-content\/uploads\/2021\/12\/IMG_0083-950x320.jpg",950,320,true],"inspiro-loop@2x":["https:\/\/yuzu-dreams-scharrer.de\/wp-content\/uploads\/2021\/12\/IMG_0083-scaled-1900x640.jpg",1900,640,true],"portfolio_item-thumbnail":["https:\/\/yuzu-dreams-scharrer.de\/wp-content\/uploads\/2021\/12\/IMG_0083-scaled-600x400.jpg",600,400,true],"portfolio_item-thumbnail@2x":["https:\/\/yuzu-dreams-scharrer.de\/wp-content\/uploads\/2021\/12\/IMG_0083-scaled-1200x800.jpg",1200,800,true],"portfolio_item-masonry":["https:\/\/yuzu-dreams-scharrer.de\/wp-content\/uploads\/2021\/12\/IMG_0083-scaled-600x450.jpg",600,450,true],"portfolio_item-masonry@2x":["https:\/\/yuzu-dreams-scharrer.de\/wp-content\/uploads\/2021\/12\/IMG_0083-scaled-1200x900.jpg",1200,900,true],"portfolio_item-thumbnail_cinema":["https:\/\/yuzu-dreams-scharrer.de\/wp-content\/uploads\/2021\/12\/IMG_0083-scaled-800x335.jpg",800,335,true],"portfolio_item-thumbnail_portrait":["https:\/\/yuzu-dreams-scharrer.de\/wp-content\/uploads\/2021\/12\/IMG_0083-scaled-600x900.jpg",600,900,true],"portfolio_item-thumbnail_portrait@2x":["https:\/\/yuzu-dreams-scharrer.de\/wp-content\/uploads\/2021\/12\/IMG_0083-scaled-1200x1800.jpg",1200,1800,true],"portfolio_item-thumbnail_square":["https:\/\/yuzu-dreams-scharrer.de\/wp-content\/uploads\/2021\/12\/IMG_0083-scaled-800x800.jpg",800,800,true]},"_links":{"self":[{"href":"https:\/\/yuzu-dreams-scharrer.de\/index.php?rest_route=\/wp\/v2\/pages\/15","targetHints":{"allow":["GET"]}}],"collection":[{"href":"https:\/\/yuzu-dreams-scharrer.de\/index.php?rest_route=\/wp\/v2\/pages"}],"about":[{"href":"https:\/\/yuzu-dreams-scharrer.de\/index.php?rest_route=\/wp\/v2\/types\/page"}],"author":[{"embeddable":true,"href":"https:\/\/yuzu-dreams-scharrer.de\/index.php?rest_route=\/wp\/v2\/users\/1"}],"replies":[{"embeddable":true,"href":"https:\/\/yuzu-dreams-scharrer.de\/index.php?rest_route=%2Fwp%2Fv2%2Fcomments&post=15"}],"version-history":[{"count":12,"href":"https:\/\/yuzu-dreams-scharrer.de\/index.php?rest_route=\/wp\/v2\/pages\/15\/revisions"}],"predecessor-version":[{"id":310,"href":"https:\/\/yuzu-dreams-scharrer.de\/index.php?rest_route=\/wp\/v2\/pages\/15\/revisions\/310"}],"wp:featuredmedia":[{"embeddable":true,"href":"https:\/\/yuzu-dreams-scharrer.de\/index.php?rest_route=\/wp\/v2\/media\/147"}],"wp:attachment":[{"href":"https:\/\/yuzu-dreams-scharrer.de\/index.php?rest_route=%2Fwp%2Fv2%2Fmedia&parent=15"}],"curies":[{"name":"wp","href":"https:\/\/api.w.org\/{rel}","templated":true}]}}