{"id":100,"date":"2021-12-05T16:37:08","date_gmt":"2021-12-05T16:37:08","guid":{"rendered":"http:\/\/yuzu-dreams-scharrer.de\/?page_id=100"},"modified":"2022-04-30T21:35:07","modified_gmt":"2022-04-30T21:35:07","slug":"bitterorangen","status":"publish","type":"page","link":"https:\/\/yuzu-dreams-scharrer.de\/?page_id=100","title":{"rendered":"Bitterorangen"},"content":{"rendered":"\n<div class=\"wp-block-media-text alignwide is-stacked-on-mobile is-vertically-aligned-center\"><figure class=\"wp-block-media-text__media\"><img fetchpriority=\"high\" decoding=\"async\" width=\"405\" height=\"410\" src=\"http:\/\/yuzu-dreams-scharrer.de\/wp-content\/uploads\/2021\/12\/Bitterorange-1.png\" alt=\"\" class=\"wp-image-88 size-full\" srcset=\"https:\/\/yuzu-dreams-scharrer.de\/wp-content\/uploads\/2021\/12\/Bitterorange-1.png 405w, https:\/\/yuzu-dreams-scharrer.de\/wp-content\/uploads\/2021\/12\/Bitterorange-1-296x300.png 296w\" sizes=\"(max-width: 405px) 100vw, 405px\" \/><\/figure><div class=\"wp-block-media-text__content\">\n<p><strong>Poncirus trifoliata<\/strong><\/p>\n\n\n\n<ul class=\"wp-block-list\"><li>hohe K\u00e4ltetoleranz, gartentauglich<\/li><li>auff\u00e4lliges, dreiteiliges Laub, Herbstf\u00e4rbung<\/li><li>Fr\u00fcchte dekorativ, extrem bitter aber der<br>Saft f\u00fcr Getr\u00e4nke aller Art dazu verwendbar<\/li><li>duftende Bl\u00fcten, deutliches Orangenaroma<\/li><li>als insektenfreundliche Vogelschutzhecke ideal<\/li><li>Veredelungsgrundlage f\u00fcr andere<br>Zitruspflanzen<\/li><\/ul>\n\n\n\n<p>Die Dreibl\u00e4ttrige Orange ist die frosth\u00e4rteste Zitruspflanze, die in Europa gepflanzt wird. Ein ausgereifter Strauch vertr\u00e4gt kurzzeitig Temperaturen bis zu -20\u00b0 !<\/p>\n\n\n\n<p><\/p>\n\n\n\n<p>Voraussichtlich ab 4. Quartal 2022 als junge Pflanzen bei uns im Shop zu erwerben.<\/p>\n<\/div><\/div>\n\n\n\n<div class=\"wp-block-columns alignwide is-layout-flex wp-container-core-columns-is-layout-28f84493 wp-block-columns-is-layout-flex\">\n<div class=\"wp-block-column is-layout-flow wp-block-column-is-layout-flow\" style=\"flex-basis:50%\">\n<figure class=\"wp-block-image is-resized\"><img decoding=\"async\" src=\"http:\/\/yuzu-dreams-scharrer.de\/wp-content\/uploads\/2022\/04\/IMG_0353_S_BO-768x1024.jpg\" alt=\"\" class=\"wp-image-287\" width=\"458\" height=\"610\" srcset=\"https:\/\/yuzu-dreams-scharrer.de\/wp-content\/uploads\/2022\/04\/IMG_0353_S_BO-768x1024.jpg 768w, https:\/\/yuzu-dreams-scharrer.de\/wp-content\/uploads\/2022\/04\/IMG_0353_S_BO-225x300.jpg 225w, https:\/\/yuzu-dreams-scharrer.de\/wp-content\/uploads\/2022\/04\/IMG_0353_S_BO-1152x1536.jpg 1152w, https:\/\/yuzu-dreams-scharrer.de\/wp-content\/uploads\/2022\/04\/IMG_0353_S_BO-rotated.jpg 1254w\" sizes=\"(max-width: 458px) 100vw, 458px\" \/><\/figure>\n<\/div>\n\n\n\n<div class=\"wp-block-column is-layout-flow wp-block-column-is-layout-flow\" style=\"flex-basis:50%\">\n<p>      <strong>Bitterorange oder Pomeranze (Citrus \u00d7 aurantium L. )<\/strong><\/p>\n\n\n\n<ul class=\"wp-block-list\"><li>K\u00fcbelpflanze f\u00fcr die Terrasse<\/li><li>Nicht frostsicher<\/li><li>Ben\u00f6tigt Winterplatz hell und 10 &#8211; 12 Grad<\/li><li>Fr\u00fcchte dekorativ, Saft genie\u00dfbar, aber bitter, f\u00fcr<br>Erfrischungsgetr\u00e4nke aller Art verwendbar<\/li><li>Bitterorangenmarmelade und Zutat f\u00fcr K\u00fcchen- und<br>Backgerichte<\/li><li>duftende Bl\u00fcten, deutliches Orangenaroma<\/li><li>Voraussichtlich ab 4. Quartal 2022 als junge<br>Pflanzen bei uns im Shop zu erwerben.<\/li><\/ul>\n<\/div>\n<\/div>\n\n\n\n<p><\/p>\n","protected":false},"excerpt":{"rendered":"<p>Poncirus trifoliata hohe K\u00e4ltetoleranz, gartentauglich auff\u00e4lliges, dreiteiliges Laub, Herbstf\u00e4rbung Fr\u00fcchte dekorativ, extrem bitter aber derSaft f\u00fcr Getr\u00e4nke aller Art dazu verwendbar duftende Bl\u00fcten, deutliches Orangenaroma als insektenfreundliche Vogelschutzhecke ideal Veredelungsgrundlage f\u00fcr andereZitruspflanzen Die Dreibl\u00e4ttrige Orange ist die frosth\u00e4rteste Zitruspflanze, die in Europa gepflanzt wird. Ein ausgereifter Strauch vertr\u00e4gt kurzzeitig Temperaturen bis zu -20\u00b0 ! Voraussichtlich &hellip; <\/p>\n<p class=\"link-more\"><a href=\"https:\/\/yuzu-dreams-scharrer.de\/?page_id=100\" class=\"more-link\">Mehr <span class=\"screen-reader-text\">\u00fcber &#8222;Bitterorangen&#8220; <\/span>Lesen<\/a><\/p>\n","protected":false},"author":1,"featured_media":147,"parent":0,"menu_order":0,"comment_status":"closed","ping_status":"closed","template":"elementor_theme","meta":{"inspiro_hide_title":false,"footnotes":""},"class_list":["post-100","page","type-page","status-publish","has-post-thumbnail","hentry"],"featured_media_urls":{"thumbnail":["https:\/\/yuzu-dreams-scharrer.de\/wp-content\/uploads\/2021\/12\/IMG_0083-150x150.jpg",150,150,true],"medium":["https:\/\/yuzu-dreams-scharrer.de\/wp-content\/uploads\/2021\/12\/IMG_0083-300x225.jpg",300,225,true],"medium_large":["https:\/\/yuzu-dreams-scharrer.de\/wp-content\/uploads\/2021\/12\/IMG_0083-768x576.jpg",768,576,true],"large":["https:\/\/yuzu-dreams-scharrer.de\/wp-content\/uploads\/2021\/12\/IMG_0083-1024x768.jpg",950,713,true],"1536x1536":["https:\/\/yuzu-dreams-scharrer.de\/wp-content\/uploads\/2021\/12\/IMG_0083-1536x1152.jpg",1536,1152,true],"2048x2048":["https:\/\/yuzu-dreams-scharrer.de\/wp-content\/uploads\/2021\/12\/IMG_0083-2048x1536.jpg",2048,1536,true],"inspiro-featured-image":["https:\/\/yuzu-dreams-scharrer.de\/wp-content\/uploads\/2021\/12\/IMG_0083-2000x1500.jpg",2000,1500,true],"inspiro-loop":["https:\/\/yuzu-dreams-scharrer.de\/wp-content\/uploads\/2021\/12\/IMG_0083-950x320.jpg",950,320,true],"inspiro-loop@2x":["https:\/\/yuzu-dreams-scharrer.de\/wp-content\/uploads\/2021\/12\/IMG_0083-scaled-1900x640.jpg",1900,640,true],"portfolio_item-thumbnail":["https:\/\/yuzu-dreams-scharrer.de\/wp-content\/uploads\/2021\/12\/IMG_0083-scaled-600x400.jpg",600,400,true],"portfolio_item-thumbnail@2x":["https:\/\/yuzu-dreams-scharrer.de\/wp-content\/uploads\/2021\/12\/IMG_0083-scaled-1200x800.jpg",1200,800,true],"portfolio_item-masonry":["https:\/\/yuzu-dreams-scharrer.de\/wp-content\/uploads\/2021\/12\/IMG_0083-scaled-600x450.jpg",600,450,true],"portfolio_item-masonry@2x":["https:\/\/yuzu-dreams-scharrer.de\/wp-content\/uploads\/2021\/12\/IMG_0083-scaled-1200x900.jpg",1200,900,true],"portfolio_item-thumbnail_cinema":["https:\/\/yuzu-dreams-scharrer.de\/wp-content\/uploads\/2021\/12\/IMG_0083-scaled-800x335.jpg",800,335,true],"portfolio_item-thumbnail_portrait":["https:\/\/yuzu-dreams-scharrer.de\/wp-content\/uploads\/2021\/12\/IMG_0083-scaled-600x900.jpg",600,900,true],"portfolio_item-thumbnail_portrait@2x":["https:\/\/yuzu-dreams-scharrer.de\/wp-content\/uploads\/2021\/12\/IMG_0083-scaled-1200x1800.jpg",1200,1800,true],"portfolio_item-thumbnail_square":["https:\/\/yuzu-dreams-scharrer.de\/wp-content\/uploads\/2021\/12\/IMG_0083-scaled-800x800.jpg",800,800,true]},"_links":{"self":[{"href":"https:\/\/yuzu-dreams-scharrer.de\/index.php?rest_route=\/wp\/v2\/pages\/100","targetHints":{"allow":["GET"]}}],"collection":[{"href":"https:\/\/yuzu-dreams-scharrer.de\/index.php?rest_route=\/wp\/v2\/pages"}],"about":[{"href":"https:\/\/yuzu-dreams-scharrer.de\/index.php?rest_route=\/wp\/v2\/types\/page"}],"author":[{"embeddable":true,"href":"https:\/\/yuzu-dreams-scharrer.de\/index.php?rest_route=\/wp\/v2\/users\/1"}],"replies":[{"embeddable":true,"href":"https:\/\/yuzu-dreams-scharrer.de\/index.php?rest_route=%2Fwp%2Fv2%2Fcomments&post=100"}],"version-history":[{"count":10,"href":"https:\/\/yuzu-dreams-scharrer.de\/index.php?rest_route=\/wp\/v2\/pages\/100\/revisions"}],"predecessor-version":[{"id":293,"href":"https:\/\/yuzu-dreams-scharrer.de\/index.php?rest_route=\/wp\/v2\/pages\/100\/revisions\/293"}],"wp:featuredmedia":[{"embeddable":true,"href":"https:\/\/yuzu-dreams-scharrer.de\/index.php?rest_route=\/wp\/v2\/media\/147"}],"wp:attachment":[{"href":"https:\/\/yuzu-dreams-scharrer.de\/index.php?rest_route=%2Fwp%2Fv2%2Fmedia&parent=100"}],"curies":[{"name":"wp","href":"https:\/\/api.w.org\/{rel}","templated":true}]}}